{"id":452,"date":"2022-03-23T11:21:11","date_gmt":"2022-03-23T11:21:11","guid":{"rendered":"https:\/\/demo.creativethemes.com\/stagingseven\/?page_id=452"},"modified":"2024-04-29T14:35:29","modified_gmt":"2024-04-29T20:35:29","slug":"home","status":"publish","type":"page","link":"https:\/\/cajasdecartonenxalapa.com\/index.php\/home\/","title":{"rendered":"Inicio"},"content":{"rendered":"<div class=\"wp-block-stackable-columns stk-block-columns stk-block stk-c4c5927 stk-block-background\" data-block-id=\"c4c5927\"><style>.stk-c4c5927 .stk--block-align-c4c5927{align-items:center !important}.stk-c4c5927{background-color:var(--theme-palette-color-8,#ffffff) !important;box-shadow:0px 20px 80px 0px rgba(0,0,0,0.03) !important;padding-top:0px !important;padding-right:0px !important;padding-bottom:0px !important;padding-left:0px !important;margin-top:-100px !important;margin-bottom:0px !important}.stk-c4c5927:before{background-color:var(--theme-palette-color-8,#ffffff) !important}<\/style><div class=\"stk-row stk-inner-blocks stk--block-align-c4c5927 stk-block-content stk-content-align stk-c4c5927-column\"><div class=\"wp-block-stackable-column stk-block-column stk-column stk-block stk-f7c82d6\" data-v=\"4\" data-block-id=\"f7c82d6\"><div class=\"stk-column-wrapper stk-block-column__content stk-container stk-f7c82d6-container stk--no-background stk--no-padding\"><div class=\"stk-block-content stk-inner-blocks stk-f7c82d6-inner-blocks\"><div class=\"wp-block-columns is-layout-flex wp-container-core-columns-is-layout-1 wp-block-columns-is-layout-flex\"><div class=\"wp-block-column is-layout-flow wp-block-column-is-layout-flow\"><div class=\"wp-block-stackable-text stk-block-text stk-block stk-77d4dfd\" data-block-id=\"77d4dfd\"><style>.stk-77d4dfd{margin-bottom:134px !important}<\/style><p class=\"stk-block-text__text\"><\/p><\/div>\n\n<p class=\"has-large-font-size\"><strong>CAJAS DE CART\u00d3N EN XALAPA<\/strong><\/p>\n\n<div class=\"wp-block-stackable-text stk-block-text stk-block stk-01213a1\" data-block-id=\"01213a1\"><p class=\"stk-block-text__text has-text-align-justify\">Fabricamos todo tipo de cajas a medida y de medidas est\u00e1ndar en corrugado y micro corrugado Kraft: cajas para env\u00edos, cajas para despensas, embalaje, para mudanzas, box lunch, cajas para desayunos, contenedores para comida, cajas para botellas, cajas para regalo, etc.<\/p><\/div>\n\n<div class=\"wp-block-stackable-text stk-block-text stk-block stk-ee9946a\" data-block-id=\"ee9946a\"><p class=\"stk-block-text__text has-text-align-justify\">Vendemos desde una pieza en medidas est\u00e1ndar, y en medidas especiales requerimos un m\u00ednimo de compra de 500 a 1000 piezas para su fabricaci\u00f3n dependiendo del modelo.<\/p><\/div>\n\n<div class=\"wp-block-stackable-feature alignfull stk-block-feature stk-block stk-3a86291 is-style-horizontal\" data-v=\"2\" data-block-id=\"3a86291\"><div class=\"stk-content-align stk-3a86291-column alignwide stk-container stk-3a86291-container stk--no-background stk--no-padding\"><div class=\"stk-inner-blocks stk-block-content stk-row\"><div class=\"wp-block-stackable-column stk-block-column stk-column stk-block stk-fce8262\" data-v=\"4\" data-block-id=\"fce8262\"><style>.stk-fce8262{align-self:center !important}<\/style><div class=\"stk-column-wrapper stk-block-column__content stk-container stk-fce8262-container stk--no-background stk--no-padding\"><div class=\"stk-block-content stk-inner-blocks stk-fce8262-inner-blocks\"><div class=\"wp-block-stackable-columns stk-block-columns stk-block stk-86c36bc\" data-block-id=\"86c36bc\"><div class=\"stk-row stk-inner-blocks stk-block-content stk-content-align stk-86c36bc-column\"><div class=\"wp-block-stackable-column stk-block-column stk-column stk-block stk-0cfcd87\" data-v=\"4\" data-block-id=\"0cfcd87\"><div class=\"stk-column-wrapper stk-block-column__content stk-container stk-0cfcd87-container stk--no-background stk--no-padding\"><div class=\"stk-block-content stk-inner-blocks stk-0cfcd87-inner-blocks\"><p class=\"has-text-align-center\"><strong><em>Para informes y cotizaciones enviar mensaje v\u00eda WhatsApp al 2281631576<\/em><\/strong><\/p><\/div><\/div><\/div><\/div><\/div><\/div><\/div><\/div><\/div><\/div><\/div><\/div>\n\n<div class=\"wp-block-column is-layout-flow wp-block-column-is-layout-flow\"><div class=\"wp-block-stackable-text stk-block-text stk-block stk-9253f0c\" data-block-id=\"9253f0c\"><style>.stk-9253f0c{margin-bottom:57px !important}<\/style><p class=\"stk-block-text__text\"><\/p><\/div>\n\n<div class=\"wp-block-stackable-text stk-block-text stk-block stk-7c593a6\" data-block-id=\"7c593a6\"><style>.stk-7c593a6{margin-bottom:0px !important}<\/style><p class=\"stk-block-text__text\"><\/p><\/div>\n\n<figure class=\"wp-block-image alignright size-large is-resized\"><img loading=\"lazy\" decoding=\"async\" width=\"1024\" height=\"1024\" src=\"http:\/\/cajasdecartonenxalapa.com\/wp-content\/uploads\/2024\/01\/Sin-titulo-Post-para-Instagram-1024x1024.png\" alt=\"\" class=\"wp-image-646\" style=\"width:321px;height:auto\" srcset=\"https:\/\/cajasdecartonenxalapa.com\/wp-content\/uploads\/2024\/01\/Sin-titulo-Post-para-Instagram-1024x1024.png 1024w, https:\/\/cajasdecartonenxalapa.com\/wp-content\/uploads\/2024\/01\/Sin-titulo-Post-para-Instagram-300x300.png 300w, https:\/\/cajasdecartonenxalapa.com\/wp-content\/uploads\/2024\/01\/Sin-titulo-Post-para-Instagram-150x150.png 150w, https:\/\/cajasdecartonenxalapa.com\/wp-content\/uploads\/2024\/01\/Sin-titulo-Post-para-Instagram-768x768.png 768w, https:\/\/cajasdecartonenxalapa.com\/wp-content\/uploads\/2024\/01\/Sin-titulo-Post-para-Instagram-600x600.png 600w, https:\/\/cajasdecartonenxalapa.com\/wp-content\/uploads\/2024\/01\/Sin-titulo-Post-para-Instagram-100x100.png 100w, https:\/\/cajasdecartonenxalapa.com\/wp-content\/uploads\/2024\/01\/Sin-titulo-Post-para-Instagram.png 1080w\" sizes=\"auto, (max-width: 1024px) 100vw, 1024px\" \/><\/figure>\n\n<figure class=\"wp-block-image aligncenter size-medium\"><img loading=\"lazy\" decoding=\"async\" width=\"272\" height=\"300\" src=\"https:\/\/cajasdecartonenxalapa.com\/wp-content\/uploads\/2024\/04\/35x35x10-272x300.png\" alt=\"\" class=\"wp-image-736\" srcset=\"https:\/\/cajasdecartonenxalapa.com\/wp-content\/uploads\/2024\/04\/35x35x10-272x300.png 272w, https:\/\/cajasdecartonenxalapa.com\/wp-content\/uploads\/2024\/04\/35x35x10-300x331.png 300w, https:\/\/cajasdecartonenxalapa.com\/wp-content\/uploads\/2024\/04\/35x35x10.png 588w\" sizes=\"auto, (max-width: 272px) 100vw, 272px\" \/><figcaption class=\"wp-element-caption\">35X35x10<\/figcaption><\/figure><\/div><\/div>\n\n<div class=\"wp-block-columns is-layout-flex wp-container-core-columns-is-layout-2 wp-block-columns-is-layout-flex\"><div class=\"wp-block-column is-layout-flow wp-block-column-is-layout-flow\" style=\"flex-basis:100%\"><\/div><\/div><\/div><\/div><\/div><\/div><\/div><div class=\"wp-block-stackable-text stk-block-text stk-block stk-80c4e3b\" data-block-id=\"80c4e3b\"><p class=\"stk-block-text__text\"><\/p><\/div><div class=\"woocommerce columns-4 \"><\/div><div class=\"wp-block-stackable-columns stk-block-columns stk-block stk-673c47c\" data-block-id=\"673c47c\"><div class=\"stk-row stk-inner-blocks stk-block-content stk-content-align stk-673c47c-column\"><div class=\"wp-block-stackable-column stk-block-column stk-column stk-block stk-373a51d\" data-v=\"4\" data-block-id=\"373a51d\"><div class=\"stk-column-wrapper stk-block-column__content stk-container stk-373a51d-container stk--no-background stk--no-padding\"><div class=\"stk-block-content stk-inner-blocks stk-373a51d-inner-blocks\"><div class=\"wp-block-stackable-image-box stk-block-image-box stk-hover-parent stk-block stk-7d907c8 is-style-default\" data-block-id=\"7d907c8\"><div class=\"stk-block-content stk-inner-blocks has-text-align-center stk-row stk-block-image-box__content\"><div class=\"wp-block-stackable-image stk-block-image stk-block stk-cd3875e\" data-block-id=\"cd3875e\"><style>.stk-cd3875e .stk-img-wrapper{height:350px !important}:where(.stk-hover-parent:hover,.stk-hover-parent.stk--is-hovered) .stk-cd3875e .stk-img-wrapper::after{background-color:#000000B3 !important}<\/style><figure><span class=\"stk-img-wrapper stk-image--shape-stretch\"><img loading=\"lazy\" decoding=\"async\" class=\"stk-img wp-image-704\" src=\"http:\/\/cajasdecartonenxalapa.com\/wp-content\/uploads\/2024\/01\/337403325_775627730319719_1582000658766214170_n-PhotoRoom.png\" width=\"483\" height=\"603\" srcset=\"https:\/\/cajasdecartonenxalapa.com\/wp-content\/uploads\/2024\/01\/337403325_775627730319719_1582000658766214170_n-PhotoRoom.png 483w, https:\/\/cajasdecartonenxalapa.com\/wp-content\/uploads\/2024\/01\/337403325_775627730319719_1582000658766214170_n-PhotoRoom-240x300.png 240w, https:\/\/cajasdecartonenxalapa.com\/wp-content\/uploads\/2024\/01\/337403325_775627730319719_1582000658766214170_n-PhotoRoom-300x375.png 300w\" sizes=\"auto, (max-width: 483px) 100vw, 483px\" \/><\/span><\/figure><\/div>\n\n<div class=\"wp-block-stackable-column stk-block-column stk-column stk-block stk-98cc593\" data-v=\"4\" data-block-id=\"98cc593\"><style>.stk-98cc593{align-items:center !important;display:flex !important}<\/style><div class=\"stk-column-wrapper stk-block-column__content stk-container stk-98cc593-container stk--no-background stk--no-padding\"><div class=\"stk-block-content stk-inner-blocks stk-98cc593-inner-blocks\"><\/div><\/div><\/div><\/div><\/div><\/div><\/div><\/div>\n\n<div class=\"wp-block-stackable-column stk-block-column stk-column stk-block stk-3786b64\" data-v=\"4\" data-block-id=\"3786b64\"><div class=\"stk-column-wrapper stk-block-column__content stk-container stk-3786b64-container stk--no-background stk--no-padding\"><div class=\"stk-block-content stk-inner-blocks stk-3786b64-inner-blocks\"><div class=\"wp-block-stackable-image-box stk-block-image-box stk-hover-parent stk-block stk-38658a5 is-style-plain\" data-block-id=\"38658a5\"><div class=\"stk-block-content stk-inner-blocks has-text-align-left stk-row stk-block-image-box__content\"><div class=\"wp-block-stackable-image stk-block-image stk-block stk-a28b6f4\" data-block-id=\"a28b6f4\"><style>.stk-a28b6f4 .stk-img-wrapper{height:350px !important}.stk-a28b6f4 .stk-img-wrapper img{object-position:48% 73% !important;object-fit:contain !important}:where(.stk-hover-parent:hover,.stk-hover-parent.stk--is-hovered) .stk-a28b6f4 .stk-img-wrapper::after{background-color:#000000B3 !important}<\/style><figure><span class=\"stk-img-wrapper stk-image--shape-stretch\"><img loading=\"lazy\" decoding=\"async\" class=\"stk-img wp-image-744\" src=\"https:\/\/cajasdecartonenxalapa.com\/wp-content\/uploads\/2024\/04\/40x40x40-1.png\" width=\"367\" height=\"350\" srcset=\"https:\/\/cajasdecartonenxalapa.com\/wp-content\/uploads\/2024\/04\/40x40x40-1.png 367w, https:\/\/cajasdecartonenxalapa.com\/wp-content\/uploads\/2024\/04\/40x40x40-1-300x286.png 300w\" sizes=\"auto, (max-width: 367px) 100vw, 367px\" \/><\/span><\/figure><\/div>\n\n<div class=\"wp-block-stackable-column stk-block-column stk-column stk-block stk-e61922b\" data-v=\"4\" data-block-id=\"e61922b\"><style>.stk-e61922b-inner-blocks{justify-content:flex-end !important}.stk-e61922b-container{padding-top:32px !important;padding-right:32px !important;padding-bottom:32px !important;padding-left:32px !important;display:flex !important}<\/style><div class=\"stk-column-wrapper stk-block-column__content stk-container stk-e61922b-container stk--no-background stk--no-padding\"><div class=\"stk-block-content stk-inner-blocks stk-e61922b-inner-blocks\"><\/div><\/div><\/div><\/div><\/div><\/div><\/div><\/div>\n\n<div class=\"wp-block-stackable-column stk-block-column stk-column stk-block stk-e1daf60\" data-v=\"4\" data-block-id=\"e1daf60\"><div class=\"stk-column-wrapper stk-block-column__content stk-container stk-e1daf60-container stk--no-background stk--no-padding\"><div class=\"stk-block-content stk-inner-blocks stk-e1daf60-inner-blocks\"><div class=\"wp-block-stackable-image-box stk-block-image-box stk-hover-parent stk-block stk-a7a6380 is-style-default\" data-block-id=\"a7a6380\"><div class=\"stk-block-content stk-inner-blocks has-text-align-center stk-row stk-block-image-box__content\"><div class=\"wp-block-stackable-image stk-block-image stk-block stk-89f3a35\" data-block-id=\"89f3a35\"><style>.stk-89f3a35 .stk-img-wrapper{height:350px !important}:where(.stk-hover-parent:hover,.stk-hover-parent.stk--is-hovered) .stk-89f3a35 .stk-img-wrapper::after{background-color:#000000B3 !important}<\/style><figure><span class=\"stk-img-wrapper stk-image--shape-stretch\"><img loading=\"lazy\" decoding=\"async\" class=\"stk-img wp-image-738\" src=\"http:\/\/cajasdecartonenxalapa.com\/wp-content\/uploads\/2024\/04\/QUEEN.png\" width=\"953\" height=\"1290\" srcset=\"https:\/\/cajasdecartonenxalapa.com\/wp-content\/uploads\/2024\/04\/QUEEN.png 953w, https:\/\/cajasdecartonenxalapa.com\/wp-content\/uploads\/2024\/04\/QUEEN-222x300.png 222w, https:\/\/cajasdecartonenxalapa.com\/wp-content\/uploads\/2024\/04\/QUEEN-756x1024.png 756w, https:\/\/cajasdecartonenxalapa.com\/wp-content\/uploads\/2024\/04\/QUEEN-768x1040.png 768w, https:\/\/cajasdecartonenxalapa.com\/wp-content\/uploads\/2024\/04\/QUEEN-300x406.png 300w, https:\/\/cajasdecartonenxalapa.com\/wp-content\/uploads\/2024\/04\/QUEEN-600x812.png 600w\" sizes=\"auto, (max-width: 953px) 100vw, 953px\" \/><\/span><\/figure><\/div>\n\n<div class=\"wp-block-stackable-column stk-block-column stk-column stk-block stk-204f9b6\" data-v=\"4\" data-block-id=\"204f9b6\"><style>.stk-204f9b6{align-items:center !important;display:flex !important}<\/style><div class=\"stk-column-wrapper stk-block-column__content stk-container stk-204f9b6-container stk--no-background stk--no-padding\"><div class=\"stk-block-content stk-inner-blocks stk-204f9b6-inner-blocks\"><\/div><\/div><\/div><\/div><\/div><\/div><\/div><\/div><\/div><\/div><p><\/p><div class=\"wp-block-stackable-divider stk-block-divider stk-block stk-699f219\" data-block-id=\"699f219\"><hr class=\"stk-block-divider__hr\"\/><\/div><p><\/p><div class=\"wp-block-stackable-expand stk-block-expand stk-block stk-16ea9e3\" data-block-id=\"16ea9e3\"><div class=\"stk-inner-blocks stk-block-content\"><div class=\"wp-block-stackable-text stk-block-text stk-block stk-6f52461 stk-block-expand__short-text\" aria-hidden=\"false\" data-block-id=\"6f52461\"><p class=\"stk-block-text__text has-text-align-justify\">Tenemos un extenso cat\u00e1logo para tu empresa o negocio, puedes comprar desde una sola caja, y tambi\u00e9n manejamos precios de mayoreo.<br><br>\u00a1Comun\u00edcate con nosotros para obtener m\u00e1s informaci\u00f3n!<\/p><\/div>\n\n<div class=\"wp-block-stackable-button stk-block-button is-style-link stk-block-expand__show-button stk-block stk-cb06989\" data-block-id=\"cb06989\"><a aria-hidden=\"false\" role=\"button\" aria-expanded=\"false\" class=\"stk-link stk-button stk--hover-effect-darken\" href=\"#\"><span class=\"stk-button__inner-text\">Show more<\/span><\/a><\/div>\n\n<div class=\"wp-block-stackable-text stk-block-text stk-block stk-7f8d56b stk-block-expand__more-text\" aria-hidden=\"true\" data-block-id=\"7f8d56b\"><p class=\"stk-block-text__text\">Puedes visitar nuestras redes: Facebook, Instagram, TikTok y YouTube<\/p><\/div>\n\n<div class=\"wp-block-stackable-button stk-block-button is-style-link stk-block-expand__hide-button stk-block stk-1c85698\" data-block-id=\"1c85698\"><a aria-hidden=\"true\" role=\"button\" aria-expanded=\"true\" class=\"stk-link stk-button stk--hover-effect-darken\" href=\"#\"><span class=\"stk-button__inner-text\">Show less<\/span><\/a><\/div><\/div><\/div>","protected":false},"excerpt":{"rendered":"<p>CAJAS DE CART\u00d3N EN XALAPA Fabricamos todo tipo de cajas a medida y de medidas est\u00e1ndar en corrugado y micro corrugado Kraft: cajas para env\u00edos, cajas para despensas, embalaje, para mudanzas, box lunch, cajas para desayunos, contenedores para comida, cajas para botellas, cajas para regalo, etc. Vendemos desde una pieza en medidas est\u00e1ndar, y en [&hellip;]<\/p>\n","protected":false},"author":1,"featured_media":605,"parent":0,"menu_order":0,"comment_status":"closed","ping_status":"closed","template":"","meta":{"footnotes":""},"class_list":["post-452","page","type-page","status-publish","has-post-thumbnail","hentry"],"blocksy_meta":{"page_title_panel":"","has_hero_section":"disabled","f8be7323f56aba73b411685393ff1f7e":"","hero_section":"type-1","hero_elements":[{"id":"custom_title","enabled":true,"heading_tag":"h1","title":"Home"},{"id":"custom_description","enabled":true,"description_visibility":{"desktop":true,"tablet":true,"mobile":false}},{"id":"custom_meta","enabled":false,"meta_elements":[{"id":"author","enabled":true,"label":"By","has_author_avatar":"yes","avatar_size":25},{"id":"post_date","enabled":true,"label":"On","date_format_source":"default","date_format":"M j, Y"},{"id":"updated_date","enabled":false,"label":"On","date_format_source":"default","date_format":"M j, Y"},{"id":"categories","enabled":false,"label":"In","style":"simple"},{"id":"comments","enabled":true}],"page_meta_elements":{"joined":true,"articles_count":true,"comments":true}},{"id":"breadcrumbs","enabled":false}],"8fa98bfc447a7e82587fe4e981c9e347":"","hero_alignment1":"CT_CSS_SKIP_RULE","hero_margin":40,"hero_alignment2":"center","hero_vertical_alignment":"center","c0512e44f1d2f6f60514c93236f56105":"","hero_structure":"narrow","b21550d0ee5b11359611dc5a96e2638f":"","page_title_bg_type":"featured_image","custom_hero_background":{"attachment_id":null},"parallax":{"desktop":false,"tablet":false,"mobile":false},"1af920b6849c07acf3ee6aeb42fe338e":"","hero_height":"250px","pageTitleFont":{"family":"Default","variation":"Default","size":"30px","line-height":"CT_CSS_SKIP_RULE","letter-spacing":"CT_CSS_SKIP_RULE","text-transform":"CT_CSS_SKIP_RULE","text-decoration":"CT_CSS_SKIP_RULE"},"pageTitleFontColor":{"default":{"color":"CT_CSS_SKIP_RULEDEFAULT"}},"pageMetaFont":{"family":"Default","variation":"n6","size":"12px","line-height":"1.3","letter-spacing":"CT_CSS_SKIP_RULE","text-transform":"uppercase","text-decoration":"CT_CSS_SKIP_RULE"},"pageMetaFontColor":{"default":{"color":"CT_CSS_SKIP_RULEDEFAULT"},"hover":{"color":"CT_CSS_SKIP_RULEDEFAULT"}},"page_meta_button_type_font_colors":{"default":{"color":"CT_CSS_SKIP_RULEDEFAULT"},"hover":{"color":"CT_CSS_SKIP_RULEDEFAULT"}},"page_meta_button_type_background_colors":{"default":{"color":"CT_CSS_SKIP_RULEDEFAULT"},"hover":{"color":"CT_CSS_SKIP_RULEDEFAULT"}},"pageExcerptFont":{"family":"Default","variation":"Default","size":"CT_CSS_SKIP_RULE","line-height":"CT_CSS_SKIP_RULE","letter-spacing":"CT_CSS_SKIP_RULE","text-transform":"CT_CSS_SKIP_RULE","text-decoration":"CT_CSS_SKIP_RULE"},"pageExcerptColor":{"default":{"color":"CT_CSS_SKIP_RULEDEFAULT"}},"breadcrumbsFont":{"family":"Default","variation":"Default","size":"CT_CSS_SKIP_RULE","line-height":"CT_CSS_SKIP_RULE","letter-spacing":"CT_CSS_SKIP_RULE","text-transform":"CT_CSS_SKIP_RULE","text-decoration":"CT_CSS_SKIP_RULE"},"breadcrumbsFontColor":{"default":{"color":"CT_CSS_SKIP_RULEDEFAULT"},"initial":{"color":"CT_CSS_SKIP_RULEDEFAULT"},"hover":{"color":"CT_CSS_SKIP_RULEDEFAULT"}},"pageTitleOverlay":{"background_type":"color","background_pattern":"type-1","background_image":{"attachment_id":null,"x":0,"y":0},"gradient":"linear-gradient(135deg,rgba(6,147,227,1) 0%,rgb(155,81,224) 100%)","background_repeat":"repeat","background_size":"auto","background_attachment":"scroll","patternColor":{"default":{"color":"#e5e7ea"}},"overlayColor":{"default":{"color":"CT_CSS_SKIP_RULE"}},"backgroundColor":{"default":{"color":"CT_CSS_SKIP_RULE"}}},"pageTitleBackground":{"background_type":"color","background_pattern":"type-1","background_image":{"attachment_id":null,"x":0,"y":0},"gradient":"linear-gradient(135deg,rgba(6,147,227,1) 0%,rgb(155,81,224) 100%)","background_repeat":"repeat","background_size":"auto","background_attachment":"scroll","patternColor":{"default":{"color":"#e5e7ea"}},"overlayColor":{"default":{"color":"CT_CSS_SKIP_RULE"}},"backgroundColor":{"default":{"color":"var(--theme-palette-color-6)"}}},"pageTitlePadding":{"top":"50px","bottom":"50px","left":"auto","right":"auto","linked":true},"8cd0e9c9767d2050adff5e4ced7085f8":"","page_structure_type":"default","95ab8d84e5bcb6685645e8e036eaaf18":"","content_style_source":"inherit","content_style":"wide","vertical_spacing_source":"custom","content_area_spacing":"none","background":{"background_type":"color","background_pattern":"type-1","background_image":{"attachment_id":null,"x":0,"y":0},"gradient":"linear-gradient(135deg,rgba(6,147,227,1) 0%,rgb(155,81,224) 100%)","background_repeat":"repeat","background_size":"auto","background_attachment":"scroll","patternColor":{"default":{"color":"#e5e7ea"}},"overlayColor":{"default":{"color":"CT_CSS_SKIP_RULE"}},"backgroundColor":{"default":{"color":"CT_CSS_SKIP_RULE"}}},"content_background":{"background_type":"color","background_pattern":"type-1","background_image":{"attachment_id":null,"x":0,"y":0},"gradient":"linear-gradient(135deg,rgba(6,147,227,1) 0%,rgb(155,81,224) 100%)","background_repeat":"repeat","background_size":"auto","background_attachment":"scroll","patternColor":{"default":{"color":"#e5e7ea"}},"overlayColor":{"default":{"color":"CT_CSS_SKIP_RULE"}},"backgroundColor":{"default":{"color":"var(--theme-palette-color-8)"}}},"content_boxed_shadow":{"inherit":false,"blur":18,"spread":-6,"v_offset":12,"h_offset":0,"inset":false,"enable":true,"color":{"color":"rgba(34, 56, 101, 0.04)"}},"boxed_content_spacing":{"desktop":{"top":"40px","bottom":"40px","left":"40px","right":"40px","linked":true},"tablet":{"top":"35px","bottom":"35px","left":"35px","right":"35px","linked":true},"mobile":{"top":"20px","bottom":"20px","left":"20px","right":"20px","linked":true}},"content_boxed_radius":{"top":"3px","bottom":"3px","left":"3px","right":"3px","linked":true},"d2e78b319cfc7675a5fbca36ab2abe12":"","disable_featured_image":"no","disable_share_box":"no","disable_header":"no","disable_footer":"no","styles_descriptor":{"styles":{"desktop":"","tablet":"","mobile":""},"google_fonts":[],"version":6}},"_links":{"self":[{"href":"https:\/\/cajasdecartonenxalapa.com\/index.php\/wp-json\/wp\/v2\/pages\/452","targetHints":{"allow":["GET"]}}],"collection":[{"href":"https:\/\/cajasdecartonenxalapa.com\/index.php\/wp-json\/wp\/v2\/pages"}],"about":[{"href":"https:\/\/cajasdecartonenxalapa.com\/index.php\/wp-json\/wp\/v2\/types\/page"}],"author":[{"embeddable":true,"href":"https:\/\/cajasdecartonenxalapa.com\/index.php\/wp-json\/wp\/v2\/users\/1"}],"replies":[{"embeddable":true,"href":"https:\/\/cajasdecartonenxalapa.com\/index.php\/wp-json\/wp\/v2\/comments?post=452"}],"version-history":[{"count":17,"href":"https:\/\/cajasdecartonenxalapa.com\/index.php\/wp-json\/wp\/v2\/pages\/452\/revisions"}],"predecessor-version":[{"id":745,"href":"https:\/\/cajasdecartonenxalapa.com\/index.php\/wp-json\/wp\/v2\/pages\/452\/revisions\/745"}],"wp:featuredmedia":[{"embeddable":true,"href":"https:\/\/cajasdecartonenxalapa.com\/index.php\/wp-json\/wp\/v2\/media\/605"}],"wp:attachment":[{"href":"https:\/\/cajasdecartonenxalapa.com\/index.php\/wp-json\/wp\/v2\/media?parent=452"}],"curies":[{"name":"wp","href":"https:\/\/api.w.org\/{rel}","templated":true}]}}