{"id":410,"date":"2022-03-23T09:17:00","date_gmt":"2022-03-23T09:17:00","guid":{"rendered":"https:\/\/demo.creativethemes.com\/stagingseven\/?page_id=410"},"modified":"2024-11-13T12:09:15","modified_gmt":"2024-11-13T18:09:15","slug":"about-us","status":"publish","type":"page","link":"https:\/\/cajasdecartonenxalapa.com\/index.php\/about-us\/","title":{"rendered":"Acerca de nosotros"},"content":{"rendered":"<div class=\"wp-block-stackable-columns stk-block-columns stk-block stk-9dedec1\" data-block-id=\"9dedec1\"><style>.stk-9dedec1{margin-bottom:0px !important}.stk-9dedec1-column{--stk-column-gap:60px !important;row-gap:60px !important}<\/style><div class=\"stk-row stk-inner-blocks stk-block-content stk-content-align stk-9dedec1-column\"><div class=\"wp-block-stackable-column stk-block-column stk-column stk-block stk-20a795f\" data-v=\"4\" data-block-id=\"20a795f\"><style>.stk-20a795f-container{margin-top:0px !important;margin-right:0px !important;margin-bottom:0px !important;margin-left:0px !important}<\/style><div class=\"stk-column-wrapper stk-block-column__content stk-container stk-20a795f-container stk--no-background stk--no-padding\"><div class=\"has-text-align-center-tablet stk-block-content stk-inner-blocks stk-20a795f-inner-blocks\"><div class=\"wp-block-stackable-text stk-block-text stk-block stk-406e1c3\" id=\"somos-fabricantes\" data-block-id=\"406e1c3\"><style>.stk-406e1c3{margin-bottom:20px !important}.stk-406e1c3 .stk-block-text__text{font-size:40px !important;line-height:1.5em !important;font-weight:900 !important}@media screen and (max-width:1023px){.stk-406e1c3 .stk-block-text__text{font-size:40px !important}}@media screen and (max-width:767px){.stk-406e1c3 .stk-block-text__text{font-size:28px !important}}<\/style><p class=\"stk-block-text__text has-text-align-center\">Somos fabricantes!<\/p><\/div>\n\n<div class=\"wp-block-stackable-heading stk-block-heading stk-block-heading--v2 stk-block stk-50b8d13\" id=\"somos-una-empresa-mexicana-dedicada-a-la-fabricacion-de-empaques-y-cajas-de-carton\" data-block-id=\"50b8d13\"><h2 class=\"stk-block-heading__text has-text-align-center\">Somos una empresa mexicana dedicada a la fabricaci\u00f3n de empaques y cajas de cart\u00f3n.<\/h2><\/div>\n\n<div class=\"wp-block-stackable-text stk-block-text stk-block stk-1b9c526\" data-block-id=\"1b9c526\"><p class=\"stk-block-text__text has-text-align-justify\"><strong>Visita nuestra tienda:<\/strong><\/p><\/div>\n\n<div class=\"wp-block-stackable-text stk-block-text stk-block stk-f719e7f\" data-block-id=\"f719e7f\"><p class=\"stk-block-text__text has-text-align-justify\">Estamos en la ciudad de Xalapa y hacemos env\u00edos a todo M\u00e9xico. Nos ubicamos en la calle Jos\u00e9 Azueta 168 en el centro de Xalapa<\/p><\/div><\/div><\/div><\/div><\/div><\/div><div class=\"wp-block-stackable-spacer stk-block-spacer stk--no-padding stk-block stk-746b086\" data-block-id=\"746b086\"><style>.stk-746b086{height:50px !important}@media screen and (max-width:1023px){.stk-746b086{height:100px !important}}<\/style><\/div><div class=\"wp-block-stackable-image aligncenter stk-block-image stk-block stk-ee3e13d\" data-block-id=\"ee3e13d\"><style>.stk-ee3e13d .stk-img-wrapper{width:96% !important;height:459px !important}.stk-ee3e13d .stk-img-wrapper img{border-radius:3px !important;object-fit:contain !important}@media screen and (max-width:1023px){.stk-ee3e13d .stk-img-wrapper{width:660px !important}}<\/style><figure><span class=\"stk-img-wrapper stk-image--shape-stretch\"><img loading=\"lazy\" decoding=\"async\" class=\"stk-img wp-image-600\" src=\"http:\/\/cajasdecartonenxalapa.com\/wp-content\/uploads\/2024\/01\/337140152_121466147522360_3014913737910700542_n.jpg\" width=\"1440\" height=\"1800\" srcset=\"https:\/\/cajasdecartonenxalapa.com\/wp-content\/uploads\/2024\/01\/337140152_121466147522360_3014913737910700542_n.jpg 1440w, https:\/\/cajasdecartonenxalapa.com\/wp-content\/uploads\/2024\/01\/337140152_121466147522360_3014913737910700542_n-240x300.jpg 240w, https:\/\/cajasdecartonenxalapa.com\/wp-content\/uploads\/2024\/01\/337140152_121466147522360_3014913737910700542_n-819x1024.jpg 819w, https:\/\/cajasdecartonenxalapa.com\/wp-content\/uploads\/2024\/01\/337140152_121466147522360_3014913737910700542_n-768x960.jpg 768w, https:\/\/cajasdecartonenxalapa.com\/wp-content\/uploads\/2024\/01\/337140152_121466147522360_3014913737910700542_n-1229x1536.jpg 1229w, https:\/\/cajasdecartonenxalapa.com\/wp-content\/uploads\/2024\/01\/337140152_121466147522360_3014913737910700542_n-300x375.jpg 300w, https:\/\/cajasdecartonenxalapa.com\/wp-content\/uploads\/2024\/01\/337140152_121466147522360_3014913737910700542_n-600x750.jpg 600w\" sizes=\"auto, (max-width: 1440px) 100vw, 1440px\" \/><\/span><\/figure><\/div><div class=\"wp-block-stackable-spacer stk-block-spacer stk--no-padding stk-block stk-78baba7\" data-block-id=\"78baba7\"><style>.stk-78baba7{height:100px !important}@media screen and (max-width:1023px){.stk-78baba7{height:80px !important}}<\/style><\/div>","protected":false},"excerpt":{"rendered":"<p>Somos fabricantes! Somos una empresa mexicana dedicada a la fabricaci\u00f3n de empaques y cajas de cart\u00f3n. Visita nuestra tienda: Estamos en la ciudad de Xalapa y hacemos env\u00edos a todo M\u00e9xico. Nos ubicamos en la calle Jos\u00e9 Azueta 168 en el centro de Xalapa<\/p>\n","protected":false},"author":1,"featured_media":0,"parent":0,"menu_order":0,"comment_status":"closed","ping_status":"closed","template":"","meta":{"footnotes":""},"class_list":["post-410","page","type-page","status-publish","hentry"],"blocksy_meta":{"page_title_panel":"","has_hero_section":"disabled","d62764b6e9bb0aaea5ca5b89dbc46beb":"","hero_section":"type-1","hero_elements":[{"id":"custom_title","enabled":true,"heading_tag":"h1","title":"Home"},{"id":"custom_description","enabled":true,"description_visibility":{"desktop":true,"tablet":true,"mobile":false}},{"id":"custom_meta","enabled":false,"meta_elements":[{"id":"author","enabled":true,"label":"By","has_author_avatar":"yes","avatar_size":25},{"id":"post_date","enabled":true,"label":"On","date_format_source":"default","date_format":"M j, Y"},{"id":"updated_date","enabled":false,"label":"On","date_format_source":"default","date_format":"M j, Y"},{"id":"categories","enabled":false,"label":"In","style":"simple"},{"id":"comments","enabled":true}],"page_meta_elements":{"joined":true,"articles_count":true,"comments":true}},{"id":"breadcrumbs","enabled":false}],"fae67ca3721c76f07332a34e2e1279c1":"","hero_alignment1":"CT_CSS_SKIP_RULE","hero_margin":40,"hero_alignment2":"center","hero_vertical_alignment":"center","265681bca8ef66c998345d5f49e0a641":"","hero_structure":"narrow","9fd6ae2320326ef29e9de4a6fabe4476":"","page_title_bg_type":"featured_image","custom_hero_background":{"attachment_id":null},"parallax":{"desktop":false,"tablet":false,"mobile":false},"7b759c92badcf9bd8e5dad0e24feb678":"","hero_height":"250px","pageTitleFont":{"family":"Default","variation":"Default","size":"30px","line-height":"CT_CSS_SKIP_RULE","letter-spacing":"CT_CSS_SKIP_RULE","text-transform":"CT_CSS_SKIP_RULE","text-decoration":"CT_CSS_SKIP_RULE"},"pageTitleFontColor":{"default":{"color":"CT_CSS_SKIP_RULEDEFAULT"}},"pageMetaFont":{"family":"Default","variation":"n6","size":"12px","line-height":"1.3","letter-spacing":"CT_CSS_SKIP_RULE","text-transform":"uppercase","text-decoration":"CT_CSS_SKIP_RULE"},"pageMetaFontColor":{"default":{"color":"CT_CSS_SKIP_RULEDEFAULT"},"hover":{"color":"CT_CSS_SKIP_RULEDEFAULT"}},"page_meta_button_type_font_colors":{"default":{"color":"CT_CSS_SKIP_RULEDEFAULT"},"hover":{"color":"CT_CSS_SKIP_RULEDEFAULT"}},"page_meta_button_type_background_colors":{"default":{"color":"CT_CSS_SKIP_RULEDEFAULT"},"hover":{"color":"CT_CSS_SKIP_RULEDEFAULT"}},"pageExcerptFont":{"family":"Default","variation":"Default","size":"CT_CSS_SKIP_RULE","line-height":"CT_CSS_SKIP_RULE","letter-spacing":"CT_CSS_SKIP_RULE","text-transform":"CT_CSS_SKIP_RULE","text-decoration":"CT_CSS_SKIP_RULE"},"pageExcerptColor":{"default":{"color":"CT_CSS_SKIP_RULEDEFAULT"}},"breadcrumbsFont":{"family":"Default","variation":"Default","size":"CT_CSS_SKIP_RULE","line-height":"CT_CSS_SKIP_RULE","letter-spacing":"CT_CSS_SKIP_RULE","text-transform":"CT_CSS_SKIP_RULE","text-decoration":"CT_CSS_SKIP_RULE"},"breadcrumbsFontColor":{"default":{"color":"CT_CSS_SKIP_RULEDEFAULT"},"initial":{"color":"CT_CSS_SKIP_RULEDEFAULT"},"hover":{"color":"CT_CSS_SKIP_RULEDEFAULT"}},"pageTitleOverlay":{"background_type":"color","background_pattern":"type-1","background_image":{"attachment_id":null,"x":0,"y":0},"gradient":"linear-gradient(135deg,rgba(6,147,227,1) 0%,rgb(155,81,224) 100%)","background_repeat":"repeat","background_size":"auto","background_attachment":"scroll","patternColor":{"default":{"color":"#e5e7ea"}},"overlayColor":{"default":{"color":"CT_CSS_SKIP_RULE"}},"backgroundColor":{"default":{"color":"CT_CSS_SKIP_RULE"}}},"pageTitleBackground":{"background_type":"color","background_pattern":"type-1","background_image":{"attachment_id":null,"x":0,"y":0},"gradient":"linear-gradient(135deg,rgba(6,147,227,1) 0%,rgb(155,81,224) 100%)","background_repeat":"repeat","background_size":"auto","background_attachment":"scroll","patternColor":{"default":{"color":"#e5e7ea"}},"overlayColor":{"default":{"color":"CT_CSS_SKIP_RULE"}},"backgroundColor":{"default":{"color":"var(--theme-palette-color-6)"}}},"pageTitlePadding":{"top":"50px","bottom":"50px","left":"auto","right":"auto","linked":true},"f4fc0fcaa853d290d42c96e8f6d5b869":"","page_structure_type":"default","0b26d651a8d2ebb2a14a963ba8c4895c":"","content_style_source":"inherit","content_style":"wide","vertical_spacing_source":"custom","content_area_spacing":"none","background":{"background_type":"color","background_pattern":"type-1","background_image":{"attachment_id":null,"x":0,"y":0},"gradient":"linear-gradient(135deg,rgba(6,147,227,1) 0%,rgb(155,81,224) 100%)","background_repeat":"repeat","background_size":"auto","background_attachment":"scroll","patternColor":{"default":{"color":"#e5e7ea"}},"overlayColor":{"default":{"color":"CT_CSS_SKIP_RULE"}},"backgroundColor":{"default":{"color":"CT_CSS_SKIP_RULE"}}},"content_background":{"background_type":"color","background_pattern":"type-1","background_image":{"attachment_id":null,"x":0,"y":0},"gradient":"linear-gradient(135deg,rgba(6,147,227,1) 0%,rgb(155,81,224) 100%)","background_repeat":"repeat","background_size":"auto","background_attachment":"scroll","patternColor":{"default":{"color":"#e5e7ea"}},"overlayColor":{"default":{"color":"CT_CSS_SKIP_RULE"}},"backgroundColor":{"default":{"color":"var(--theme-palette-color-8)"}}},"content_boxed_shadow":{"inherit":false,"blur":18,"spread":-6,"v_offset":12,"h_offset":0,"inset":false,"enable":true,"color":{"color":"rgba(34, 56, 101, 0.04)"}},"boxed_content_spacing":{"desktop":{"top":"40px","bottom":"40px","left":"40px","right":"40px","linked":true},"tablet":{"top":"35px","bottom":"35px","left":"35px","right":"35px","linked":true},"mobile":{"top":"20px","bottom":"20px","left":"20px","right":"20px","linked":true}},"content_boxed_radius":{"top":"3px","bottom":"3px","left":"3px","right":"3px","linked":true},"d5f159e47b7a7b57e3af8576c3a511fa":"","disable_featured_image":"no","disable_share_box":"no","disable_header":"no","disable_footer":"no","styles_descriptor":{"styles":{"desktop":"","tablet":"","mobile":""},"google_fonts":[],"version":6}},"_links":{"self":[{"href":"https:\/\/cajasdecartonenxalapa.com\/index.php\/wp-json\/wp\/v2\/pages\/410","targetHints":{"allow":["GET"]}}],"collection":[{"href":"https:\/\/cajasdecartonenxalapa.com\/index.php\/wp-json\/wp\/v2\/pages"}],"about":[{"href":"https:\/\/cajasdecartonenxalapa.com\/index.php\/wp-json\/wp\/v2\/types\/page"}],"author":[{"embeddable":true,"href":"https:\/\/cajasdecartonenxalapa.com\/index.php\/wp-json\/wp\/v2\/users\/1"}],"replies":[{"embeddable":true,"href":"https:\/\/cajasdecartonenxalapa.com\/index.php\/wp-json\/wp\/v2\/comments?post=410"}],"version-history":[{"count":12,"href":"https:\/\/cajasdecartonenxalapa.com\/index.php\/wp-json\/wp\/v2\/pages\/410\/revisions"}],"predecessor-version":[{"id":834,"href":"https:\/\/cajasdecartonenxalapa.com\/index.php\/wp-json\/wp\/v2\/pages\/410\/revisions\/834"}],"wp:attachment":[{"href":"https:\/\/cajasdecartonenxalapa.com\/index.php\/wp-json\/wp\/v2\/media?parent=410"}],"curies":[{"name":"wp","href":"https:\/\/api.w.org\/{rel}","templated":true}]}}